{"id":5638,"date":"2022-09-13T12:30:37","date_gmt":"2022-09-13T12:30:37","guid":{"rendered":"https:\/\/krz.sim-plexity.de\/?page_id=5638"},"modified":"2023-06-07T12:45:33","modified_gmt":"2023-06-07T12:45:33","slug":"impressum","status":"publish","type":"page","link":"https:\/\/www.fleischerinnung-boeblingen-ludwigsburg.de\/?page_id=5638","title":{"rendered":"Impressum"},"content":{"rendered":"\t\t<div data-elementor-type=\"wp-post\" data-elementor-id=\"5638\" class=\"elementor elementor-5638\" data-elementor-post-type=\"page\">\n\t\t\t\t\t\t<section class=\"elementor-section elementor-top-section elementor-element elementor-element-107dd82a elementor-section-stretched elementor-section-boxed elementor-section-height-default elementor-section-height-default\" data-id=\"107dd82a\" data-element_type=\"section\" data-e-type=\"section\" data-settings=\"{&quot;stretch_section&quot;:&quot;section-stretched&quot;}\">\n\t\t\t\t\t\t<div class=\"elementor-container elementor-column-gap-default\">\n\t\t\t\t\t<div class=\"elementor-column elementor-col-100 elementor-top-column elementor-element elementor-element-96a3519\" data-id=\"96a3519\" data-element_type=\"column\" data-e-type=\"column\">\n\t\t\t<div class=\"elementor-widget-wrap elementor-element-populated\">\n\t\t\t\t\t\t<div class=\"elementor-element elementor-element-5e14a4c elementor-widget elementor-widget-text-editor\" data-id=\"5e14a4c\" data-element_type=\"widget\" data-e-type=\"widget\" data-widget_type=\"text-editor.default\">\n\t\t\t\t<div class=\"elementor-widget-container\">\n\t\t\t\t\t\t\t\t\t<p>Impressum<\/p>\t\t\t\t\t\t\t\t<\/div>\n\t\t\t\t<\/div>\n\t\t\t\t<section class=\"elementor-section elementor-inner-section elementor-element elementor-element-9152034 elementor-section-boxed elementor-section-height-default elementor-section-height-default\" data-id=\"9152034\" data-element_type=\"section\" data-e-type=\"section\" data-settings=\"{&quot;background_background&quot;:&quot;classic&quot;}\">\n\t\t\t\t\t\t<div class=\"elementor-container elementor-column-gap-default\">\n\t\t\t\t\t<div class=\"elementor-column elementor-col-33 elementor-inner-column elementor-element elementor-element-11256a1\" data-id=\"11256a1\" data-element_type=\"column\" data-e-type=\"column\">\n\t\t\t<div class=\"elementor-widget-wrap elementor-element-populated\">\n\t\t\t\t\t\t<div class=\"elementor-element elementor-element-d89664b elementor-widget elementor-widget-text-editor\" data-id=\"d89664b\" data-element_type=\"widget\" data-e-type=\"widget\" data-widget_type=\"text-editor.default\">\n\t\t\t\t<div class=\"elementor-widget-container\">\n\t\t\t\t\t\t\t\t\t<p>Angaben gem\u00e4\u00df \u00a7 5 TMG:<\/p><p><span style=\"color: var( --e-global-color-text ); letter-spacing: 0px;\"><strong>Fleischerinnung B\u00f6blingen-Ludwigsburg<\/strong><br \/><\/span><span style=\"color: var( --e-global-color-text ); letter-spacing: 0px;\">vertreten durch<\/span><\/p><p><strong>Obermeister<\/strong> Wolfgang Herbst<\/p><p><strong>Gesch\u00e4ftsf\u00fchrer\u00a0<\/strong><span style=\"color: var( --e-global-color-text ); letter-spacing: 0px;\">Josef Hecht<\/span><\/p><p>Gesch\u00e4ftsstelle:<br \/>Riedbrunnenstra\u00dfe 1<br \/>71116 G\u00e4rtringen<\/p><p>Tel. <a href=\"tel:07034 9283-11\">07034 9283-11<\/a><br \/>Fax: 07034 928380<br \/>E-Mail: <a href=\"mailto:nhoffmann@metzgereinkauf.de\">nhoffmann@metzgereinkauf.de<\/a><\/p>\t\t\t\t\t\t\t\t<\/div>\n\t\t\t\t<\/div>\n\t\t\t\t\t<\/div>\n\t\t<\/div>\n\t\t\t\t<div class=\"elementor-column elementor-col-33 elementor-inner-column elementor-element elementor-element-c3a6861\" data-id=\"c3a6861\" data-element_type=\"column\" data-e-type=\"column\">\n\t\t\t<div class=\"elementor-widget-wrap\">\n\t\t\t\t\t\t\t<\/div>\n\t\t<\/div>\n\t\t\t\t<div class=\"elementor-column elementor-col-33 elementor-inner-column elementor-element elementor-element-925cdd1\" data-id=\"925cdd1\" data-element_type=\"column\" data-e-type=\"column\">\n\t\t\t<div class=\"elementor-widget-wrap\">\n\t\t\t\t\t\t\t<\/div>\n\t\t<\/div>\n\t\t\t\t\t<\/div>\n\t\t<\/section>\n\t\t\t\t<section class=\"elementor-section elementor-inner-section elementor-element elementor-element-8248136 elementor-section-boxed elementor-section-height-default elementor-section-height-default\" data-id=\"8248136\" data-element_type=\"section\" data-e-type=\"section\" data-settings=\"{&quot;background_background&quot;:&quot;classic&quot;}\">\n\t\t\t\t\t\t<div class=\"elementor-container elementor-column-gap-default\">\n\t\t\t\t\t<div class=\"elementor-column elementor-col-33 elementor-inner-column elementor-element elementor-element-cfd3e7d\" data-id=\"cfd3e7d\" data-element_type=\"column\" data-e-type=\"column\">\n\t\t\t<div class=\"elementor-widget-wrap elementor-element-populated\">\n\t\t\t\t\t\t<div class=\"elementor-element elementor-element-d64b8d3 elementor-widget elementor-widget-text-editor\" data-id=\"d64b8d3\" data-element_type=\"widget\" data-e-type=\"widget\" data-widget_type=\"text-editor.default\">\n\t\t\t\t<div class=\"elementor-widget-container\">\n\t\t\t\t\t\t\t\t\t<p>Verantwortlich f\u00fcr den Inhalt <br \/>nach \u00a7 55 Abs. 2 RStV:<\/p><p><strong>Fleischerinnung B\u00f6blingen-Ludwigsburg<\/strong><br \/>vertreten durch<\/p><p><strong>Obermeister<\/strong> Wolfgang Herbst<\/p><p>Gesch\u00e4ftsstelle:<br \/>Riedbrunnenstra\u00dfe 1<br \/>71116 G\u00e4rtringen<\/p><p>Tel. <a href=\"tel:07034 9283-0\">07034 9283-0<\/a><br \/>Fax: 07034 928380<br \/>E-Mail: <a href=\"mailto:info@metzgereinkauf.de\">info@metzgereinkauf.de<\/a><\/p>\t\t\t\t\t\t\t\t<\/div>\n\t\t\t\t<\/div>\n\t\t\t\t\t<\/div>\n\t\t<\/div>\n\t\t\t\t<div class=\"elementor-column elementor-col-33 elementor-inner-column elementor-element elementor-element-f1c7e9d\" data-id=\"f1c7e9d\" data-element_type=\"column\" data-e-type=\"column\">\n\t\t\t<div class=\"elementor-widget-wrap elementor-element-populated\">\n\t\t\t\t\t\t\t<\/div>\n\t\t<\/div>\n\t\t\t\t<div class=\"elementor-column elementor-col-33 elementor-inner-column elementor-element elementor-element-232de22\" data-id=\"232de22\" data-element_type=\"column\" data-e-type=\"column\">\n\t\t\t<div class=\"elementor-widget-wrap\">\n\t\t\t\t\t\t\t<\/div>\n\t\t<\/div>\n\t\t\t\t\t<\/div>\n\t\t<\/section>\n\t\t\t\t<section class=\"elementor-section elementor-inner-section elementor-element elementor-element-d5e89d3 elementor-section-boxed elementor-section-height-default elementor-section-height-default\" data-id=\"d5e89d3\" data-element_type=\"section\" data-e-type=\"section\" data-settings=\"{&quot;background_background&quot;:&quot;classic&quot;}\">\n\t\t\t\t\t\t<div class=\"elementor-container elementor-column-gap-default\">\n\t\t\t\t\t<div class=\"elementor-column elementor-col-100 elementor-inner-column elementor-element elementor-element-2f23ea8\" data-id=\"2f23ea8\" data-element_type=\"column\" data-e-type=\"column\">\n\t\t\t<div class=\"elementor-widget-wrap elementor-element-populated\">\n\t\t\t\t\t\t<div class=\"elementor-element elementor-element-1ce633c elementor-widget elementor-widget-text-editor\" data-id=\"1ce633c\" data-element_type=\"widget\" data-e-type=\"widget\" data-widget_type=\"text-editor.default\">\n\t\t\t\t<div class=\"elementor-widget-container\">\n\t\t\t\t\t\t\t\t\t<p><strong>Design &amp; Realisierung: <br \/><\/strong>KomFOUR GmbH &amp; Co. KG <a href=\"http:\/\/www.komfour.de\/\">www.komfour.de<\/a><\/p>\t\t\t\t\t\t\t\t<\/div>\n\t\t\t\t<\/div>\n\t\t\t\t\t<\/div>\n\t\t<\/div>\n\t\t\t\t\t<\/div>\n\t\t<\/section>\n\t\t\t\t\t<\/div>\n\t\t<\/div>\n\t\t\t\t\t<\/div>\n\t\t<\/section>\n\t\t\t\t<\/div>\n\t\t","protected":false},"excerpt":{"rendered":"<p>Impressum Angaben gem\u00e4\u00df \u00a7 5 TMG: Fleischerinnung B\u00f6blingen-Ludwigsburgvertreten durch Obermeister Wolfgang Herbst Gesch\u00e4ftsf\u00fchrer\u00a0Josef Hecht Gesch\u00e4ftsstelle:Riedbrunnenstra\u00dfe 171116 G\u00e4rtringen Tel. 07034 9283-11Fax: 07034 928380E-Mail: nhoffmann@metzgereinkauf.de Verantwortlich f\u00fcr den Inhalt nach \u00a7 55 Abs. 2 RStV: Fleischerinnung B\u00f6blingen-Ludwigsburgvertreten durch Obermeister Wolfgang Herbst Gesch\u00e4ftsstelle:Riedbrunnenstra\u00dfe 171116 G\u00e4rtringen Tel. 07034 9283-0Fax: 07034 928380E-Mail: info@metzgereinkauf.de Design &amp; Realisierung: KomFOUR GmbH &amp; Co. [&hellip;]<\/p>\n","protected":false},"author":1,"featured_media":0,"parent":36,"menu_order":5,"comment_status":"closed","ping_status":"closed","template":"page-templates\/fullwidth-content.php","meta":{"content-type":"","footnotes":""},"class_list":["post-5638","page","type-page","status-publish","hentry"],"_links":{"self":[{"href":"https:\/\/www.fleischerinnung-boeblingen-ludwigsburg.de\/index.php?rest_route=\/wp\/v2\/pages\/5638","targetHints":{"allow":["GET"]}}],"collection":[{"href":"https:\/\/www.fleischerinnung-boeblingen-ludwigsburg.de\/index.php?rest_route=\/wp\/v2\/pages"}],"about":[{"href":"https:\/\/www.fleischerinnung-boeblingen-ludwigsburg.de\/index.php?rest_route=\/wp\/v2\/types\/page"}],"author":[{"embeddable":true,"href":"https:\/\/www.fleischerinnung-boeblingen-ludwigsburg.de\/index.php?rest_route=\/wp\/v2\/users\/1"}],"replies":[{"embeddable":true,"href":"https:\/\/www.fleischerinnung-boeblingen-ludwigsburg.de\/index.php?rest_route=%2Fwp%2Fv2%2Fcomments&post=5638"}],"version-history":[{"count":47,"href":"https:\/\/www.fleischerinnung-boeblingen-ludwigsburg.de\/index.php?rest_route=\/wp\/v2\/pages\/5638\/revisions"}],"predecessor-version":[{"id":17398,"href":"https:\/\/www.fleischerinnung-boeblingen-ludwigsburg.de\/index.php?rest_route=\/wp\/v2\/pages\/5638\/revisions\/17398"}],"up":[{"embeddable":true,"href":"https:\/\/www.fleischerinnung-boeblingen-ludwigsburg.de\/index.php?rest_route=\/wp\/v2\/pages\/36"}],"wp:attachment":[{"href":"https:\/\/www.fleischerinnung-boeblingen-ludwigsburg.de\/index.php?rest_route=%2Fwp%2Fv2%2Fmedia&parent=5638"}],"curies":[{"name":"wp","href":"https:\/\/api.w.org\/{rel}","templated":true}]}}