{"id":4928,"date":"2022-09-09T09:20:47","date_gmt":"2022-09-09T09:20:47","guid":{"rendered":"https:\/\/krz.sim-plexity.de\/?page_id=4928"},"modified":"2026-05-13T11:59:09","modified_gmt":"2026-05-13T11:59:09","slug":"menschen-in-besonderer-verantwortung","status":"publish","type":"page","link":"https:\/\/www.fleischerinnung-boeblingen-ludwigsburg.de\/?page_id=4928","title":{"rendered":"Vorstand"},"content":{"rendered":"\t\t<div data-elementor-type=\"wp-post\" data-elementor-id=\"4928\" class=\"elementor elementor-4928\" data-elementor-post-type=\"page\">\n\t\t\t\t\t\t<section class=\"elementor-section elementor-top-section elementor-element elementor-element-358c68bf elementor-section-stretched elementor-section-height-min-height elementor-section-boxed elementor-section-height-default elementor-section-items-middle\" data-id=\"358c68bf\" data-element_type=\"section\" data-e-type=\"section\" data-settings=\"{&quot;background_background&quot;:&quot;classic&quot;,&quot;stretch_section&quot;:&quot;section-stretched&quot;}\">\n\t\t\t\t\t\t<div class=\"elementor-container elementor-column-gap-default\">\n\t\t\t\t\t<div class=\"elementor-column elementor-col-33 elementor-top-column elementor-element elementor-element-36f0516f\" data-id=\"36f0516f\" data-element_type=\"column\" data-e-type=\"column\">\n\t\t\t<div class=\"elementor-widget-wrap\">\n\t\t\t\t\t\t\t<\/div>\n\t\t<\/div>\n\t\t\t\t<div class=\"elementor-column elementor-col-66 elementor-top-column elementor-element elementor-element-1ed1862e\" data-id=\"1ed1862e\" data-element_type=\"column\" data-e-type=\"column\">\n\t\t\t<div class=\"elementor-widget-wrap elementor-element-populated\">\n\t\t\t\t\t\t\t<\/div>\n\t\t<\/div>\n\t\t\t\t\t<\/div>\n\t\t<\/section>\n\t\t\t\t<section class=\"elementor-section elementor-top-section elementor-element elementor-element-4d252f9 elementor-section-boxed elementor-section-height-default elementor-section-height-default\" data-id=\"4d252f9\" data-element_type=\"section\" data-e-type=\"section\">\n\t\t\t\t\t\t<div class=\"elementor-container elementor-column-gap-default\">\n\t\t\t\t\t<div class=\"elementor-column elementor-col-100 elementor-top-column elementor-element elementor-element-efa04d7\" data-id=\"efa04d7\" data-element_type=\"column\" data-e-type=\"column\">\n\t\t\t<div class=\"elementor-widget-wrap elementor-element-populated\">\n\t\t\t\t\t\t<div class=\"elementor-element elementor-element-5a5b483 elementor-widget elementor-widget-spacer\" data-id=\"5a5b483\" data-element_type=\"widget\" data-e-type=\"widget\" data-widget_type=\"spacer.default\">\n\t\t\t\t<div class=\"elementor-widget-container\">\n\t\t\t\t\t\t\t<div class=\"elementor-spacer\">\n\t\t\t<div class=\"elementor-spacer-inner\"><\/div>\n\t\t<\/div>\n\t\t\t\t\t\t<\/div>\n\t\t\t\t<\/div>\n\t\t\t\t\t<\/div>\n\t\t<\/div>\n\t\t\t\t\t<\/div>\n\t\t<\/section>\n\t\t\t\t<section class=\"elementor-section elementor-top-section elementor-element elementor-element-141301b elementor-section-boxed elementor-section-height-default elementor-section-height-default\" data-id=\"141301b\" data-element_type=\"section\" data-e-type=\"section\">\n\t\t\t\t\t\t<div class=\"elementor-container elementor-column-gap-default\">\n\t\t\t\t\t<div class=\"elementor-column elementor-col-100 elementor-top-column elementor-element elementor-element-9048533\" data-id=\"9048533\" data-element_type=\"column\" data-e-type=\"column\">\n\t\t\t<div class=\"elementor-widget-wrap elementor-element-populated\">\n\t\t\t\t\t\t<div class=\"elementor-element elementor-element-97cad17 elementor-widget elementor-widget-text-editor\" data-id=\"97cad17\" data-element_type=\"widget\" data-e-type=\"widget\" data-widget_type=\"text-editor.default\">\n\t\t\t\t<div class=\"elementor-widget-container\">\n\t\t\t\t\t\t\t\t\t<p><span style=\"font-family: 'Arial',sans-serif;\">Die Gesch\u00e4ftsf\u00fchrung der Fleischerinnung B\u00f6blingen-Ludwigsburg obliegt Herrn Josef Hecht.\u00a0<\/span><\/p><p><span style=\"font-family: 'Arial',sans-serif;\"> Der Vorstand der fusionierten Innungen wird gef\u00fchrt vom bisherigen Obermeister aus Ludwigsburg, Wolfgang Herbst aus Besigheim. Sein Stellvertreter ist der Obermeister, Yannik Sch\u00e4ufelin aus Hemmingen.<\/span><\/p><p><span style=\"font-family: Arial, sans-serif;\">Lehrlingswartin Anna Stirner-Sinn\u00a0aus Gerlingen sowie Moritz Kori aus Oberstenfeld, Thomas Kegrei\u00df aus G\u00fcltstein, Marc Schneider aus Freiberg, Dennis Bosch aus Herrenberg, Jens Flurer aus Aihingen, Fabienne Bosch aus Herrenberg und Frank Siegle aus Bierigheim als Beiratsmitglieder komplettieren das Vorstandsteam. <\/span><\/p><p><span style=\"font-family: 'Arial',sans-serif;\">Ihre Wahl erfolgte ohne Gegenstimmen.\u00a0<\/span><\/p>\t\t\t\t\t\t\t\t<\/div>\n\t\t\t\t<\/div>\n\t\t\t\t\t<\/div>\n\t\t<\/div>\n\t\t\t\t\t<\/div>\n\t\t<\/section>\n\t\t\t\t<section class=\"elementor-section elementor-top-section elementor-element elementor-element-ac8b79e elementor-section-boxed elementor-section-height-default elementor-section-height-default\" data-id=\"ac8b79e\" data-element_type=\"section\" data-e-type=\"section\">\n\t\t\t\t\t\t<div class=\"elementor-container elementor-column-gap-default\">\n\t\t\t\t\t<div class=\"elementor-column elementor-col-100 elementor-top-column elementor-element elementor-element-552ad4c\" data-id=\"552ad4c\" data-element_type=\"column\" data-e-type=\"column\">\n\t\t\t<div class=\"elementor-widget-wrap elementor-element-populated\">\n\t\t\t\t\t\t<div class=\"elementor-element elementor-element-c9e6203 elementor-widget elementor-widget-text-editor\" data-id=\"c9e6203\" data-element_type=\"widget\" data-e-type=\"widget\" data-widget_type=\"text-editor.default\">\n\t\t\t\t<div class=\"elementor-widget-container\">\n\t\t\t\t\t\t\t\t\t<p>Unser Vorstand<\/p>\t\t\t\t\t\t\t\t<\/div>\n\t\t\t\t<\/div>\n\t\t\t\t\t<\/div>\n\t\t<\/div>\n\t\t\t\t\t<\/div>\n\t\t<\/section>\n\t\t\t\t<section class=\"elementor-section elementor-top-section elementor-element elementor-element-303561d elementor-section-boxed elementor-section-height-default elementor-section-height-default\" data-id=\"303561d\" data-element_type=\"section\" data-e-type=\"section\">\n\t\t\t\t\t\t<div class=\"elementor-container elementor-column-gap-wide\">\n\t\t\t\t\t<div class=\"elementor-column elementor-col-25 elementor-top-column elementor-element elementor-element-204e50a\" data-id=\"204e50a\" data-element_type=\"column\" data-e-type=\"column\">\n\t\t\t<div class=\"elementor-widget-wrap elementor-element-populated\">\n\t\t\t\t\t\t<div class=\"elementor-element elementor-element-eb4aeff elementor-widget elementor-widget-image\" data-id=\"eb4aeff\" data-element_type=\"widget\" data-e-type=\"widget\" data-widget_type=\"image.default\">\n\t\t\t\t<div class=\"elementor-widget-container\">\n\t\t\t\t\t\t\t\t\t\t\t\t\t\t\t<img fetchpriority=\"high\" decoding=\"async\" width=\"1024\" height=\"1024\" src=\"https:\/\/www.fleischerinnung-boeblingen-ludwigsburg.de\/wp-content\/uploads\/2022\/10\/Josef-Hecht_bear-1024x1024.jpg\" class=\"attachment-large size-large wp-image-15399\" alt=\"\" srcset=\"https:\/\/www.fleischerinnung-boeblingen-ludwigsburg.de\/wp-content\/uploads\/2022\/10\/Josef-Hecht_bear-1024x1024.jpg 1024w, https:\/\/www.fleischerinnung-boeblingen-ludwigsburg.de\/wp-content\/uploads\/2022\/10\/Josef-Hecht_bear-300x300.jpg 300w, https:\/\/www.fleischerinnung-boeblingen-ludwigsburg.de\/wp-content\/uploads\/2022\/10\/Josef-Hecht_bear-150x150.jpg 150w, https:\/\/www.fleischerinnung-boeblingen-ludwigsburg.de\/wp-content\/uploads\/2022\/10\/Josef-Hecht_bear-768x768.jpg 768w, https:\/\/www.fleischerinnung-boeblingen-ludwigsburg.de\/wp-content\/uploads\/2022\/10\/Josef-Hecht_bear-230x230.jpg 230w, https:\/\/www.fleischerinnung-boeblingen-ludwigsburg.de\/wp-content\/uploads\/2022\/10\/Josef-Hecht_bear-400x400.jpg 400w, https:\/\/www.fleischerinnung-boeblingen-ludwigsburg.de\/wp-content\/uploads\/2022\/10\/Josef-Hecht_bear-600x600.jpg 600w, https:\/\/www.fleischerinnung-boeblingen-ludwigsburg.de\/wp-content\/uploads\/2022\/10\/Josef-Hecht_bear-640x640.jpg 640w, https:\/\/www.fleischerinnung-boeblingen-ludwigsburg.de\/wp-content\/uploads\/2022\/10\/Josef-Hecht_bear.jpg 1500w\" sizes=\"(max-width: 1024px) 100vw, 1024px\" \/>\t\t\t\t\t\t\t\t\t\t\t\t\t\t\t<\/div>\n\t\t\t\t<\/div>\n\t\t\t\t<section class=\"elementor-section elementor-inner-section elementor-element elementor-element-4b6f3bb elementor-section-boxed elementor-section-height-default elementor-section-height-default\" data-id=\"4b6f3bb\" data-element_type=\"section\" data-e-type=\"section\">\n\t\t\t\t\t\t<div class=\"elementor-container elementor-column-gap-default\">\n\t\t\t\t\t<div class=\"elementor-column elementor-col-100 elementor-inner-column elementor-element elementor-element-92cde16\" data-id=\"92cde16\" data-element_type=\"column\" data-e-type=\"column\">\n\t\t\t<div class=\"elementor-widget-wrap elementor-element-populated\">\n\t\t\t\t\t\t<div class=\"elementor-element elementor-element-ab3f840 elementor-widget elementor-widget-heading\" data-id=\"ab3f840\" data-element_type=\"widget\" data-e-type=\"widget\" data-widget_type=\"heading.default\">\n\t\t\t\t<div class=\"elementor-widget-container\">\n\t\t\t\t\t<h3 class=\"elementor-heading-title elementor-size-default\">Josef Hecht<\/h3>\t\t\t\t<\/div>\n\t\t\t\t<\/div>\n\t\t\t\t\t<\/div>\n\t\t<\/div>\n\t\t\t\t\t<\/div>\n\t\t<\/section>\n\t\t\t\t<section class=\"elementor-section elementor-inner-section elementor-element elementor-element-04ee4ef elementor-section-boxed elementor-section-height-default elementor-section-height-default\" data-id=\"04ee4ef\" data-element_type=\"section\" data-e-type=\"section\">\n\t\t\t\t\t\t<div class=\"elementor-container elementor-column-gap-default\">\n\t\t\t\t\t<div class=\"elementor-column elementor-col-100 elementor-inner-column elementor-element elementor-element-c442ce5\" data-id=\"c442ce5\" data-element_type=\"column\" data-e-type=\"column\">\n\t\t\t<div class=\"elementor-widget-wrap elementor-element-populated\">\n\t\t\t\t\t\t<div class=\"elementor-element elementor-element-4ca6c71 elementor-widget elementor-widget-heading\" data-id=\"4ca6c71\" data-element_type=\"widget\" data-e-type=\"widget\" data-widget_type=\"heading.default\">\n\t\t\t\t<div class=\"elementor-widget-container\">\n\t\t\t\t\t<h5 class=\"elementor-heading-title elementor-size-default\">Gesch\u00e4ftsf\u00fchrer<\/h5>\t\t\t\t<\/div>\n\t\t\t\t<\/div>\n\t\t\t\t\t<\/div>\n\t\t<\/div>\n\t\t\t\t\t<\/div>\n\t\t<\/section>\n\t\t\t\t\t<\/div>\n\t\t<\/div>\n\t\t\t\t<div class=\"elementor-column elementor-col-25 elementor-top-column elementor-element elementor-element-9415fb6\" data-id=\"9415fb6\" data-element_type=\"column\" data-e-type=\"column\">\n\t\t\t<div class=\"elementor-widget-wrap elementor-element-populated\">\n\t\t\t\t\t\t<div class=\"elementor-element elementor-element-135ea93 elementor-widget elementor-widget-image\" data-id=\"135ea93\" data-element_type=\"widget\" data-e-type=\"widget\" data-widget_type=\"image.default\">\n\t\t\t\t<div class=\"elementor-widget-container\">\n\t\t\t\t\t\t\t\t\t\t\t\t\t\t\t<img decoding=\"async\" width=\"1024\" height=\"1024\" src=\"https:\/\/www.fleischerinnung-boeblingen-ludwigsburg.de\/wp-content\/uploads\/2022\/10\/Wolfgang-Herbst_bear-1024x1024.jpg\" class=\"attachment-large size-large wp-image-15394\" alt=\"\" srcset=\"https:\/\/www.fleischerinnung-boeblingen-ludwigsburg.de\/wp-content\/uploads\/2022\/10\/Wolfgang-Herbst_bear-1024x1024.jpg 1024w, https:\/\/www.fleischerinnung-boeblingen-ludwigsburg.de\/wp-content\/uploads\/2022\/10\/Wolfgang-Herbst_bear-300x300.jpg 300w, https:\/\/www.fleischerinnung-boeblingen-ludwigsburg.de\/wp-content\/uploads\/2022\/10\/Wolfgang-Herbst_bear-150x150.jpg 150w, https:\/\/www.fleischerinnung-boeblingen-ludwigsburg.de\/wp-content\/uploads\/2022\/10\/Wolfgang-Herbst_bear-768x768.jpg 768w, https:\/\/www.fleischerinnung-boeblingen-ludwigsburg.de\/wp-content\/uploads\/2022\/10\/Wolfgang-Herbst_bear-230x230.jpg 230w, https:\/\/www.fleischerinnung-boeblingen-ludwigsburg.de\/wp-content\/uploads\/2022\/10\/Wolfgang-Herbst_bear-400x400.jpg 400w, https:\/\/www.fleischerinnung-boeblingen-ludwigsburg.de\/wp-content\/uploads\/2022\/10\/Wolfgang-Herbst_bear-600x600.jpg 600w, https:\/\/www.fleischerinnung-boeblingen-ludwigsburg.de\/wp-content\/uploads\/2022\/10\/Wolfgang-Herbst_bear-640x640.jpg 640w, https:\/\/www.fleischerinnung-boeblingen-ludwigsburg.de\/wp-content\/uploads\/2022\/10\/Wolfgang-Herbst_bear.jpg 1500w\" sizes=\"(max-width: 1024px) 100vw, 1024px\" \/>\t\t\t\t\t\t\t\t\t\t\t\t\t\t\t<\/div>\n\t\t\t\t<\/div>\n\t\t\t\t<section class=\"elementor-section elementor-inner-section elementor-element elementor-element-3547b78 elementor-section-boxed elementor-section-height-default elementor-section-height-default\" data-id=\"3547b78\" data-element_type=\"section\" data-e-type=\"section\">\n\t\t\t\t\t\t<div class=\"elementor-container elementor-column-gap-default\">\n\t\t\t\t\t<div class=\"elementor-column elementor-col-100 elementor-inner-column elementor-element elementor-element-091807a\" data-id=\"091807a\" data-element_type=\"column\" data-e-type=\"column\">\n\t\t\t<div class=\"elementor-widget-wrap elementor-element-populated\">\n\t\t\t\t\t\t<div class=\"elementor-element elementor-element-b93ed70 elementor-widget elementor-widget-heading\" data-id=\"b93ed70\" data-element_type=\"widget\" data-e-type=\"widget\" data-widget_type=\"heading.default\">\n\t\t\t\t<div class=\"elementor-widget-container\">\n\t\t\t\t\t<h3 class=\"elementor-heading-title elementor-size-default\">Wolfgang Herbst<\/h3>\t\t\t\t<\/div>\n\t\t\t\t<\/div>\n\t\t\t\t\t<\/div>\n\t\t<\/div>\n\t\t\t\t\t<\/div>\n\t\t<\/section>\n\t\t\t\t<section class=\"elementor-section elementor-inner-section elementor-element elementor-element-ccacfad elementor-section-boxed elementor-section-height-default elementor-section-height-default\" data-id=\"ccacfad\" data-element_type=\"section\" data-e-type=\"section\">\n\t\t\t\t\t\t<div class=\"elementor-container elementor-column-gap-default\">\n\t\t\t\t\t<div class=\"elementor-column elementor-col-100 elementor-inner-column elementor-element elementor-element-b7444cc\" data-id=\"b7444cc\" data-element_type=\"column\" data-e-type=\"column\">\n\t\t\t<div class=\"elementor-widget-wrap elementor-element-populated\">\n\t\t\t\t\t\t<div class=\"elementor-element elementor-element-677bd23 elementor-widget elementor-widget-heading\" data-id=\"677bd23\" data-element_type=\"widget\" data-e-type=\"widget\" data-widget_type=\"heading.default\">\n\t\t\t\t<div class=\"elementor-widget-container\">\n\t\t\t\t\t<h5 class=\"elementor-heading-title elementor-size-default\">Obermeister<\/h5>\t\t\t\t<\/div>\n\t\t\t\t<\/div>\n\t\t\t\t\t<\/div>\n\t\t<\/div>\n\t\t\t\t\t<\/div>\n\t\t<\/section>\n\t\t\t\t\t<\/div>\n\t\t<\/div>\n\t\t\t\t<div class=\"elementor-column elementor-col-25 elementor-top-column elementor-element elementor-element-b8f0369\" data-id=\"b8f0369\" data-element_type=\"column\" data-e-type=\"column\">\n\t\t\t<div class=\"elementor-widget-wrap elementor-element-populated\">\n\t\t\t\t\t\t<div class=\"elementor-element elementor-element-4b6801a elementor-widget elementor-widget-image\" data-id=\"4b6801a\" data-element_type=\"widget\" data-e-type=\"widget\" data-widget_type=\"image.default\">\n\t\t\t\t<div class=\"elementor-widget-container\">\n\t\t\t\t\t\t\t\t\t\t\t\t\t\t\t<img decoding=\"async\" width=\"1024\" height=\"1024\" src=\"https:\/\/www.fleischerinnung-boeblingen-ludwigsburg.de\/wp-content\/uploads\/2026\/05\/Platzhalter-1024x1024.png\" class=\"attachment-large size-large wp-image-18633\" alt=\"\" srcset=\"https:\/\/www.fleischerinnung-boeblingen-ludwigsburg.de\/wp-content\/uploads\/2026\/05\/Platzhalter-1024x1024.png 1024w, https:\/\/www.fleischerinnung-boeblingen-ludwigsburg.de\/wp-content\/uploads\/2026\/05\/Platzhalter-300x300.png 300w, https:\/\/www.fleischerinnung-boeblingen-ludwigsburg.de\/wp-content\/uploads\/2026\/05\/Platzhalter-150x150.png 150w, https:\/\/www.fleischerinnung-boeblingen-ludwigsburg.de\/wp-content\/uploads\/2026\/05\/Platzhalter-768x768.png 768w, https:\/\/www.fleischerinnung-boeblingen-ludwigsburg.de\/wp-content\/uploads\/2026\/05\/Platzhalter-230x230.png 230w, https:\/\/www.fleischerinnung-boeblingen-ludwigsburg.de\/wp-content\/uploads\/2026\/05\/Platzhalter-400x400.png 400w, https:\/\/www.fleischerinnung-boeblingen-ludwigsburg.de\/wp-content\/uploads\/2026\/05\/Platzhalter-600x600.png 600w, https:\/\/www.fleischerinnung-boeblingen-ludwigsburg.de\/wp-content\/uploads\/2026\/05\/Platzhalter-640x640.png 640w, https:\/\/www.fleischerinnung-boeblingen-ludwigsburg.de\/wp-content\/uploads\/2026\/05\/Platzhalter.png 1500w\" sizes=\"(max-width: 1024px) 100vw, 1024px\" \/>\t\t\t\t\t\t\t\t\t\t\t\t\t\t\t<\/div>\n\t\t\t\t<\/div>\n\t\t\t\t<section class=\"elementor-section elementor-inner-section elementor-element elementor-element-4ab56fa elementor-section-boxed elementor-section-height-default elementor-section-height-default\" data-id=\"4ab56fa\" data-element_type=\"section\" data-e-type=\"section\">\n\t\t\t\t\t\t<div class=\"elementor-container elementor-column-gap-default\">\n\t\t\t\t\t<div class=\"elementor-column elementor-col-100 elementor-inner-column elementor-element elementor-element-bf3f3c1\" data-id=\"bf3f3c1\" data-element_type=\"column\" data-e-type=\"column\">\n\t\t\t<div class=\"elementor-widget-wrap elementor-element-populated\">\n\t\t\t\t\t\t<div class=\"elementor-element elementor-element-a0ff20a elementor-widget elementor-widget-heading\" data-id=\"a0ff20a\" data-element_type=\"widget\" data-e-type=\"widget\" data-widget_type=\"heading.default\">\n\t\t\t\t<div class=\"elementor-widget-container\">\n\t\t\t\t\t<h3 class=\"elementor-heading-title elementor-size-default\">Yannik Sch\u00e4ufelin<\/h3>\t\t\t\t<\/div>\n\t\t\t\t<\/div>\n\t\t\t\t\t<\/div>\n\t\t<\/div>\n\t\t\t\t\t<\/div>\n\t\t<\/section>\n\t\t\t\t<section class=\"elementor-section elementor-inner-section elementor-element elementor-element-6c7b4de elementor-section-boxed elementor-section-height-default elementor-section-height-default\" data-id=\"6c7b4de\" data-element_type=\"section\" data-e-type=\"section\">\n\t\t\t\t\t\t<div class=\"elementor-container elementor-column-gap-default\">\n\t\t\t\t\t<div class=\"elementor-column elementor-col-100 elementor-inner-column elementor-element elementor-element-e806857\" data-id=\"e806857\" data-element_type=\"column\" data-e-type=\"column\">\n\t\t\t<div class=\"elementor-widget-wrap elementor-element-populated\">\n\t\t\t\t\t\t<div class=\"elementor-element elementor-element-f9b93cf elementor-widget elementor-widget-heading\" data-id=\"f9b93cf\" data-element_type=\"widget\" data-e-type=\"widget\" data-widget_type=\"heading.default\">\n\t\t\t\t<div class=\"elementor-widget-container\">\n\t\t\t\t\t<h5 class=\"elementor-heading-title elementor-size-default\">Stellvertretender Obermeister<\/h5>\t\t\t\t<\/div>\n\t\t\t\t<\/div>\n\t\t\t\t\t<\/div>\n\t\t<\/div>\n\t\t\t\t\t<\/div>\n\t\t<\/section>\n\t\t\t\t\t<\/div>\n\t\t<\/div>\n\t\t\t\t<div class=\"elementor-column elementor-col-25 elementor-top-column elementor-element elementor-element-3a01019\" data-id=\"3a01019\" data-element_type=\"column\" data-e-type=\"column\">\n\t\t\t<div class=\"elementor-widget-wrap elementor-element-populated\">\n\t\t\t\t\t\t<div class=\"elementor-element elementor-element-0423232 elementor-widget elementor-widget-image\" data-id=\"0423232\" data-element_type=\"widget\" data-e-type=\"widget\" data-widget_type=\"image.default\">\n\t\t\t\t<div class=\"elementor-widget-container\">\n\t\t\t\t\t\t\t\t\t\t\t\t\t\t\t<img decoding=\"async\" width=\"1024\" height=\"1024\" src=\"https:\/\/www.fleischerinnung-boeblingen-ludwigsburg.de\/wp-content\/uploads\/2026\/05\/Platzhalter-1024x1024.png\" class=\"attachment-large size-large wp-image-18633\" alt=\"\" srcset=\"https:\/\/www.fleischerinnung-boeblingen-ludwigsburg.de\/wp-content\/uploads\/2026\/05\/Platzhalter-1024x1024.png 1024w, https:\/\/www.fleischerinnung-boeblingen-ludwigsburg.de\/wp-content\/uploads\/2026\/05\/Platzhalter-300x300.png 300w, https:\/\/www.fleischerinnung-boeblingen-ludwigsburg.de\/wp-content\/uploads\/2026\/05\/Platzhalter-150x150.png 150w, https:\/\/www.fleischerinnung-boeblingen-ludwigsburg.de\/wp-content\/uploads\/2026\/05\/Platzhalter-768x768.png 768w, https:\/\/www.fleischerinnung-boeblingen-ludwigsburg.de\/wp-content\/uploads\/2026\/05\/Platzhalter-230x230.png 230w, https:\/\/www.fleischerinnung-boeblingen-ludwigsburg.de\/wp-content\/uploads\/2026\/05\/Platzhalter-400x400.png 400w, https:\/\/www.fleischerinnung-boeblingen-ludwigsburg.de\/wp-content\/uploads\/2026\/05\/Platzhalter-600x600.png 600w, https:\/\/www.fleischerinnung-boeblingen-ludwigsburg.de\/wp-content\/uploads\/2026\/05\/Platzhalter-640x640.png 640w, https:\/\/www.fleischerinnung-boeblingen-ludwigsburg.de\/wp-content\/uploads\/2026\/05\/Platzhalter.png 1500w\" sizes=\"(max-width: 1024px) 100vw, 1024px\" \/>\t\t\t\t\t\t\t\t\t\t\t\t\t\t\t<\/div>\n\t\t\t\t<\/div>\n\t\t\t\t<section class=\"elementor-section elementor-inner-section elementor-element elementor-element-cd77b40 elementor-section-boxed elementor-section-height-default elementor-section-height-default\" data-id=\"cd77b40\" data-element_type=\"section\" data-e-type=\"section\">\n\t\t\t\t\t\t<div class=\"elementor-container elementor-column-gap-default\">\n\t\t\t\t\t<div class=\"elementor-column elementor-col-100 elementor-inner-column elementor-element elementor-element-795bbe6\" data-id=\"795bbe6\" data-element_type=\"column\" data-e-type=\"column\">\n\t\t\t<div class=\"elementor-widget-wrap elementor-element-populated\">\n\t\t\t\t\t\t<div class=\"elementor-element elementor-element-3b7f509 elementor-widget elementor-widget-heading\" data-id=\"3b7f509\" data-element_type=\"widget\" data-e-type=\"widget\" data-widget_type=\"heading.default\">\n\t\t\t\t<div class=\"elementor-widget-container\">\n\t\t\t\t\t<h3 class=\"elementor-heading-title elementor-size-default\">vakant<\/h3>\t\t\t\t<\/div>\n\t\t\t\t<\/div>\n\t\t\t\t\t<\/div>\n\t\t<\/div>\n\t\t\t\t\t<\/div>\n\t\t<\/section>\n\t\t\t\t<section class=\"elementor-section elementor-inner-section elementor-element elementor-element-42cab30 elementor-section-boxed elementor-section-height-default elementor-section-height-default\" data-id=\"42cab30\" data-element_type=\"section\" data-e-type=\"section\">\n\t\t\t\t\t\t<div class=\"elementor-container elementor-column-gap-default\">\n\t\t\t\t\t<div class=\"elementor-column elementor-col-100 elementor-inner-column elementor-element elementor-element-ff3d780\" data-id=\"ff3d780\" data-element_type=\"column\" data-e-type=\"column\">\n\t\t\t<div class=\"elementor-widget-wrap elementor-element-populated\">\n\t\t\t\t\t\t<div class=\"elementor-element elementor-element-5e5c44c elementor-widget elementor-widget-heading\" data-id=\"5e5c44c\" data-element_type=\"widget\" data-e-type=\"widget\" data-widget_type=\"heading.default\">\n\t\t\t\t<div class=\"elementor-widget-container\">\n\t\t\t\t\t<h5 class=\"elementor-heading-title elementor-size-default\">2. Stellvertretender Obermeister<\/h5>\t\t\t\t<\/div>\n\t\t\t\t<\/div>\n\t\t\t\t\t<\/div>\n\t\t<\/div>\n\t\t\t\t\t<\/div>\n\t\t<\/section>\n\t\t\t\t\t<\/div>\n\t\t<\/div>\n\t\t\t\t\t<\/div>\n\t\t<\/section>\n\t\t\t\t<\/div>\n\t\t","protected":false},"excerpt":{"rendered":"<p>Die Gesch\u00e4ftsf\u00fchrung der Fleischerinnung B\u00f6blingen-Ludwigsburg obliegt Herrn Josef Hecht.\u00a0 Der Vorstand der fusionierten Innungen wird gef\u00fchrt vom bisherigen Obermeister aus Ludwigsburg, Wolfgang Herbst aus Besigheim. Sein Stellvertreter ist der Obermeister, Yannik Sch\u00e4ufelin aus Hemmingen. Lehrlingswartin Anna Stirner-Sinn\u00a0aus Gerlingen sowie Moritz Kori aus Oberstenfeld, Thomas Kegrei\u00df aus G\u00fcltstein, Marc Schneider aus Freiberg, Dennis Bosch aus Herrenberg, [&hellip;]<\/p>\n","protected":false},"author":1,"featured_media":0,"parent":36,"menu_order":1,"comment_status":"closed","ping_status":"closed","template":"page-templates\/fullwidth-content.php","meta":{"content-type":"","footnotes":""},"class_list":["post-4928","page","type-page","status-publish","hentry"],"_links":{"self":[{"href":"https:\/\/www.fleischerinnung-boeblingen-ludwigsburg.de\/index.php?rest_route=\/wp\/v2\/pages\/4928","targetHints":{"allow":["GET"]}}],"collection":[{"href":"https:\/\/www.fleischerinnung-boeblingen-ludwigsburg.de\/index.php?rest_route=\/wp\/v2\/pages"}],"about":[{"href":"https:\/\/www.fleischerinnung-boeblingen-ludwigsburg.de\/index.php?rest_route=\/wp\/v2\/types\/page"}],"author":[{"embeddable":true,"href":"https:\/\/www.fleischerinnung-boeblingen-ludwigsburg.de\/index.php?rest_route=\/wp\/v2\/users\/1"}],"replies":[{"embeddable":true,"href":"https:\/\/www.fleischerinnung-boeblingen-ludwigsburg.de\/index.php?rest_route=%2Fwp%2Fv2%2Fcomments&post=4928"}],"version-history":[{"count":343,"href":"https:\/\/www.fleischerinnung-boeblingen-ludwigsburg.de\/index.php?rest_route=\/wp\/v2\/pages\/4928\/revisions"}],"predecessor-version":[{"id":18636,"href":"https:\/\/www.fleischerinnung-boeblingen-ludwigsburg.de\/index.php?rest_route=\/wp\/v2\/pages\/4928\/revisions\/18636"}],"up":[{"embeddable":true,"href":"https:\/\/www.fleischerinnung-boeblingen-ludwigsburg.de\/index.php?rest_route=\/wp\/v2\/pages\/36"}],"wp:attachment":[{"href":"https:\/\/www.fleischerinnung-boeblingen-ludwigsburg.de\/index.php?rest_route=%2Fwp%2Fv2%2Fmedia&parent=4928"}],"curies":[{"name":"wp","href":"https:\/\/api.w.org\/{rel}","templated":true}]}}