{"id":11477,"date":"2023-02-16T09:00:41","date_gmt":"2023-02-16T09:00:41","guid":{"rendered":"https:\/\/agroa.de\/?page_id=11477"},"modified":"2024-03-25T07:25:57","modified_gmt":"2024-03-25T07:25:57","slug":"gender-hinweis","status":"publish","type":"page","link":"https:\/\/www.fleischerinnung-boeblingen-ludwigsburg.de\/?page_id=11477","title":{"rendered":"Gender Hinweis"},"content":{"rendered":"\t\t<div data-elementor-type=\"wp-post\" data-elementor-id=\"11477\" class=\"elementor elementor-11477\" data-elementor-post-type=\"page\">\n\t\t\t\t\t\t<section class=\"elementor-section elementor-top-section elementor-element elementor-element-4f082921 elementor-section-stretched elementor-section-boxed elementor-section-height-default elementor-section-height-default\" data-id=\"4f082921\" data-element_type=\"section\" data-e-type=\"section\" data-settings=\"{&quot;background_background&quot;:&quot;classic&quot;,&quot;stretch_section&quot;:&quot;section-stretched&quot;}\">\n\t\t\t\t\t\t<div class=\"elementor-container elementor-column-gap-default\">\n\t\t\t\t\t<div class=\"elementor-column elementor-col-100 elementor-top-column elementor-element elementor-element-2b5e48b1\" data-id=\"2b5e48b1\" data-element_type=\"column\" data-e-type=\"column\">\n\t\t\t<div class=\"elementor-widget-wrap elementor-element-populated\">\n\t\t\t\t\t\t<div class=\"elementor-element elementor-element-1c403760 elementor-widget elementor-widget-heading\" data-id=\"1c403760\" data-element_type=\"widget\" data-e-type=\"widget\" data-widget_type=\"heading.default\">\n\t\t\t\t<div class=\"elementor-widget-container\">\n\t\t\t\t\t<h3 class=\"elementor-heading-title elementor-size-default\">Gender-Hinweis<\/h3>\t\t\t\t<\/div>\n\t\t\t\t<\/div>\n\t\t\t\t<div class=\"elementor-element elementor-element-93007ee elementor-widget elementor-widget-text-editor\" data-id=\"93007ee\" data-element_type=\"widget\" data-e-type=\"widget\" data-widget_type=\"text-editor.default\">\n\t\t\t\t<div class=\"elementor-widget-container\">\n\t\t\t\t\t\t\t\t\t<p>Weil uns Gleichberechtigung, aber auch optimale Lesbarkeit wichtig sind!<\/p>\t\t\t\t\t\t\t\t<\/div>\n\t\t\t\t<\/div>\n\t\t\t\t\t<\/div>\n\t\t<\/div>\n\t\t\t\t\t<\/div>\n\t\t<\/section>\n\t\t\t\t<section class=\"elementor-section elementor-top-section elementor-element elementor-element-107dd82a elementor-section-stretched elementor-section-boxed elementor-section-height-default elementor-section-height-default\" data-id=\"107dd82a\" data-element_type=\"section\" data-e-type=\"section\" data-settings=\"{&quot;stretch_section&quot;:&quot;section-stretched&quot;}\">\n\t\t\t\t\t\t<div class=\"elementor-container elementor-column-gap-default\">\n\t\t\t\t\t<div class=\"elementor-column elementor-col-100 elementor-top-column elementor-element elementor-element-96a3519\" data-id=\"96a3519\" data-element_type=\"column\" data-e-type=\"column\">\n\t\t\t<div class=\"elementor-widget-wrap elementor-element-populated\">\n\t\t\t\t\t\t<section class=\"elementor-section elementor-inner-section elementor-element elementor-element-9152034 elementor-section-boxed elementor-section-height-default elementor-section-height-default\" data-id=\"9152034\" data-element_type=\"section\" data-e-type=\"section\" data-settings=\"{&quot;background_background&quot;:&quot;classic&quot;}\">\n\t\t\t\t\t\t<div class=\"elementor-container elementor-column-gap-default\">\n\t\t\t\t\t<div class=\"elementor-column elementor-col-100 elementor-inner-column elementor-element elementor-element-11256a1\" data-id=\"11256a1\" data-element_type=\"column\" data-e-type=\"column\">\n\t\t\t<div class=\"elementor-widget-wrap elementor-element-populated\">\n\t\t\t\t\t\t<div class=\"elementor-element elementor-element-d89664b elementor-widget elementor-widget-text-editor\" data-id=\"d89664b\" data-element_type=\"widget\" data-e-type=\"widget\" data-widget_type=\"text-editor.default\">\n\t\t\t\t<div class=\"elementor-widget-container\">\n\t\t\t\t\t\t\t\t\t<p>Im Sinne einer besseren Lesbarkeit der Texte wurde die m\u00e4nnliche Form von personenbezogenen Hauptw\u00f6rtern gew\u00e4hlt. Dies impliziert keinesfalls eine Benachteiligung des weiblichen Geschlechts. Frauen und M\u00e4nner m\u00f6gen sich von den Inhalten unseres Handbuchs gleicherma\u00dfen angesprochen f\u00fchlen.<\/p><p><strong>Wir danken f\u00fcr Ihr Verst\u00e4ndnis.<\/strong><\/p>\t\t\t\t\t\t\t\t<\/div>\n\t\t\t\t<\/div>\n\t\t\t\t\t<\/div>\n\t\t<\/div>\n\t\t\t\t\t<\/div>\n\t\t<\/section>\n\t\t\t\t\t<\/div>\n\t\t<\/div>\n\t\t\t\t\t<\/div>\n\t\t<\/section>\n\t\t\t\t<\/div>\n\t\t","protected":false},"excerpt":{"rendered":"<p>Gender-Hinweis Weil uns Gleichberechtigung, aber auch optimale Lesbarkeit wichtig sind! Im Sinne einer besseren Lesbarkeit der Texte wurde die m\u00e4nnliche Form von personenbezogenen Hauptw\u00f6rtern gew\u00e4hlt. Dies impliziert keinesfalls eine Benachteiligung des weiblichen Geschlechts. Frauen und M\u00e4nner m\u00f6gen sich von den Inhalten unseres Handbuchs gleicherma\u00dfen angesprochen f\u00fchlen. Wir danken f\u00fcr Ihr Verst\u00e4ndnis.<\/p>\n","protected":false},"author":1,"featured_media":0,"parent":36,"menu_order":7,"comment_status":"closed","ping_status":"closed","template":"page-templates\/fullwidth-content.php","meta":{"content-type":"","footnotes":""},"class_list":["post-11477","page","type-page","status-publish","hentry"],"_links":{"self":[{"href":"https:\/\/www.fleischerinnung-boeblingen-ludwigsburg.de\/index.php?rest_route=\/wp\/v2\/pages\/11477","targetHints":{"allow":["GET"]}}],"collection":[{"href":"https:\/\/www.fleischerinnung-boeblingen-ludwigsburg.de\/index.php?rest_route=\/wp\/v2\/pages"}],"about":[{"href":"https:\/\/www.fleischerinnung-boeblingen-ludwigsburg.de\/index.php?rest_route=\/wp\/v2\/types\/page"}],"author":[{"embeddable":true,"href":"https:\/\/www.fleischerinnung-boeblingen-ludwigsburg.de\/index.php?rest_route=\/wp\/v2\/users\/1"}],"replies":[{"embeddable":true,"href":"https:\/\/www.fleischerinnung-boeblingen-ludwigsburg.de\/index.php?rest_route=%2Fwp%2Fv2%2Fcomments&post=11477"}],"version-history":[{"count":31,"href":"https:\/\/www.fleischerinnung-boeblingen-ludwigsburg.de\/index.php?rest_route=\/wp\/v2\/pages\/11477\/revisions"}],"predecessor-version":[{"id":18107,"href":"https:\/\/www.fleischerinnung-boeblingen-ludwigsburg.de\/index.php?rest_route=\/wp\/v2\/pages\/11477\/revisions\/18107"}],"up":[{"embeddable":true,"href":"https:\/\/www.fleischerinnung-boeblingen-ludwigsburg.de\/index.php?rest_route=\/wp\/v2\/pages\/36"}],"wp:attachment":[{"href":"https:\/\/www.fleischerinnung-boeblingen-ludwigsburg.de\/index.php?rest_route=%2Fwp%2Fv2%2Fmedia&parent=11477"}],"curies":[{"name":"wp","href":"https:\/\/api.w.org\/{rel}","templated":true}]}}